{"id":70,"date":"2019-01-23T21:05:26","date_gmt":"2019-01-23T21:05:26","guid":{"rendered":"http:\/\/www.q-print.cz\/?page_id=70"},"modified":"2025-03-06T12:45:32","modified_gmt":"2025-03-06T12:45:32","slug":"reference","status":"publish","type":"page","link":"https:\/\/www.q-print.cz\/index.php\/reference\/","title":{"rendered":"Reference"},"content":{"rendered":"\n<p>Spolupracuji s&nbsp;mnoha v\u00fdzna\u010dn\u00fdmi spole\u010dnostmi, kter\u00e9 jsou na \u010deln\u00edch m\u00edstech \u017eeb\u0159\u00ed\u010dk\u016f TOP firem nejen v&nbsp;oblasti vzd\u011bl\u00e1v\u00e1n\u00ed a&nbsp;z\u00e1bavy, ale i&nbsp;zav\u00e1d\u011bn\u00ed nov\u00fdch technologi\u00ed.<\/p>\n\n\n\n<p><em>Jsou to nap\u0159\u00edklad:<br \/><\/em>\u2013 Vydavatelsk\u00fd d\u016fm Grada Publishing, a.s.<br \/>\u2013 Vydavatelstv\u00ed Radioservis (\u010cesk\u00fd rozhlas)<br \/>\u2013 Czech News Center, a.s.<br \/>\u2013 Divesoft, s.r.o.<br \/>\u2013 Tisk\u00e1rna K+H<br \/>\u2013 All Stars Cup<br \/>\u2013 Fotoshine<br \/>\u2013 VK \u2013 publishing, s.r.o.<br \/>\u2013 Nakladatelstv\u00ed ROSY \u2013 M\u011bln\u00edk<br \/>\u2013 Pohyb pro v\u0161echny (www.katkasistkova.cz)<br \/>a mnoho dal\u0161\u00edch.<\/p>\n\n\n\n<p><\/p>\n\n\n\n\n","protected":false},"excerpt":{"rendered":"<p>Spolupracuji s&nbsp;mnoha v\u00fdzna\u010dn\u00fdmi spole\u010dnostmi, kter\u00e9 jsou na \u010deln\u00edch m\u00edstech \u017eeb\u0159\u00ed\u010dk\u016f TOP firem nejen v&nbsp;oblasti vzd\u011bl\u00e1v\u00e1n\u00ed a&nbsp;z\u00e1bavy, ale i&nbsp;zav\u00e1d\u011bn\u00ed nov\u00fdch technologi\u00ed. Jsou to nap\u0159\u00edklad:\u2013 Vydavatelsk\u00fd d\u016fm Grada Publishing, a.s.\u2013 Vydavatelstv\u00ed Radioservis (\u010cesk\u00fd rozhlas)\u2013 Czech News Center, a.s.\u2013 Divesoft, s.r.o.\u2013 Tisk\u00e1rna K+H\u2013<\/p>\n","protected":false},"author":1,"featured_media":0,"parent":0,"menu_order":0,"comment_status":"closed","ping_status":"closed","template":"","meta":{"footnotes":""},"class_list":["post-70","page","type-page","status-publish","hentry"],"yoast_head":"<!-- This site is optimized with the Yoast SEO plugin v24.6 - https:\/\/yoast.com\/wordpress\/plugins\/seo\/ -->\n<title>Reference - Q-print<\/title>\n<meta name=\"robots\" content=\"index, follow, max-snippet:-1, max-image-preview:large, max-video-preview:-1\" \/>\n<link rel=\"canonical\" href=\"http:\/\/www.q-print.cz\/index.php\/reference\/\" \/>\n<meta property=\"og:locale\" content=\"cs_CZ\" \/>\n<meta property=\"og:type\" content=\"article\" \/>\n<meta property=\"og:title\" content=\"Reference - Q-print\" \/>\n<meta property=\"og:description\" content=\"Spolupracuji s&nbsp;mnoha v\u00fdzna\u010dn\u00fdmi spole\u010dnostmi, kter\u00e9 jsou na \u010deln\u00edch m\u00edstech \u017eeb\u0159\u00ed\u010dk\u016f TOP firem nejen v&nbsp;oblasti vzd\u011bl\u00e1v\u00e1n\u00ed a&nbsp;z\u00e1bavy, ale i&nbsp;zav\u00e1d\u011bn\u00ed nov\u00fdch technologi\u00ed. Jsou to nap\u0159\u00edklad:\u2013 Vydavatelsk\u00fd d\u016fm Grada Publishing, a.s.\u2013 Vydavatelstv\u00ed Radioservis (\u010cesk\u00fd rozhlas)\u2013 Czech News Center, a.s.\u2013 Divesoft, s.r.o.\u2013 Tisk\u00e1rna K+H\u2013\" \/>\n<meta property=\"og:url\" content=\"http:\/\/www.q-print.cz\/index.php\/reference\/\" \/>\n<meta property=\"og:site_name\" content=\"Q-print\" \/>\n<meta property=\"article:publisher\" content=\"http:\/\/www.facebook.com\/q.print.melnik\" \/>\n<meta property=\"article:modified_time\" content=\"2025-03-06T12:45:32+00:00\" \/>\n<meta name=\"twitter:card\" content=\"summary_large_image\" \/>\n<meta name=\"twitter:label1\" content=\"Odhadovan\u00e1 doba \u010dten\u00ed\" \/>\n\t<meta name=\"twitter:data1\" content=\"1 minuta\" \/>\n<script type=\"application\/ld+json\" class=\"yoast-schema-graph\">{\"@context\":\"https:\/\/schema.org\",\"@graph\":[{\"@type\":\"WebPage\",\"@id\":\"http:\/\/www.q-print.cz\/index.php\/reference\/\",\"url\":\"http:\/\/www.q-print.cz\/index.php\/reference\/\",\"name\":\"Reference - Q-print\",\"isPartOf\":{\"@id\":\"http:\/\/www.q-print.cz\/#website\"},\"datePublished\":\"2019-01-23T21:05:26+00:00\",\"dateModified\":\"2025-03-06T12:45:32+00:00\",\"breadcrumb\":{\"@id\":\"http:\/\/www.q-print.cz\/index.php\/reference\/#breadcrumb\"},\"inLanguage\":\"cs\",\"potentialAction\":[{\"@type\":\"ReadAction\",\"target\":[\"http:\/\/www.q-print.cz\/index.php\/reference\/\"]}]},{\"@type\":\"BreadcrumbList\",\"@id\":\"http:\/\/www.q-print.cz\/index.php\/reference\/#breadcrumb\",\"itemListElement\":[{\"@type\":\"ListItem\",\"position\":1,\"name\":\"Dom\u016f\",\"item\":\"http:\/\/www.q-print.cz\/\"},{\"@type\":\"ListItem\",\"position\":2,\"name\":\"Reference\"}]},{\"@type\":\"WebSite\",\"@id\":\"http:\/\/www.q-print.cz\/#website\",\"url\":\"http:\/\/www.q-print.cz\/\",\"name\":\"Q-print\",\"description\":\"Barevn\u00fd digit\u00e1ln\u00ed tisk a DTP\",\"publisher\":{\"@id\":\"http:\/\/www.q-print.cz\/#organization\"},\"potentialAction\":[{\"@type\":\"SearchAction\",\"target\":{\"@type\":\"EntryPoint\",\"urlTemplate\":\"http:\/\/www.q-print.cz\/?s={search_term_string}\"},\"query-input\":{\"@type\":\"PropertyValueSpecification\",\"valueRequired\":true,\"valueName\":\"search_term_string\"}}],\"inLanguage\":\"cs\"},{\"@type\":\"Organization\",\"@id\":\"http:\/\/www.q-print.cz\/#organization\",\"name\":\"Q-print, Jan \u0160\u00edstek\",\"url\":\"http:\/\/www.q-print.cz\/\",\"logo\":{\"@type\":\"ImageObject\",\"inLanguage\":\"cs\",\"@id\":\"http:\/\/www.q-print.cz\/#\/schema\/logo\/image\/\",\"url\":\"http:\/\/www.q-print.cz\/wp-content\/uploads\/2019\/01\/Q-print-mal\u00e9.jpg\",\"contentUrl\":\"http:\/\/www.q-print.cz\/wp-content\/uploads\/2019\/01\/Q-print-mal\u00e9.jpg\",\"width\":180,\"height\":180,\"caption\":\"Q-print, Jan \u0160\u00edstek\"},\"image\":{\"@id\":\"http:\/\/www.q-print.cz\/#\/schema\/logo\/image\/\"},\"sameAs\":[\"http:\/\/www.facebook.com\/q.print.melnik\"]}]}<\/script>\n<!-- \/ Yoast SEO plugin. -->","yoast_head_json":{"title":"Reference - Q-print","robots":{"index":"index","follow":"follow","max-snippet":"max-snippet:-1","max-image-preview":"max-image-preview:large","max-video-preview":"max-video-preview:-1"},"canonical":"http:\/\/www.q-print.cz\/index.php\/reference\/","og_locale":"cs_CZ","og_type":"article","og_title":"Reference - Q-print","og_description":"Spolupracuji s&nbsp;mnoha v\u00fdzna\u010dn\u00fdmi spole\u010dnostmi, kter\u00e9 jsou na \u010deln\u00edch m\u00edstech \u017eeb\u0159\u00ed\u010dk\u016f TOP firem nejen v&nbsp;oblasti vzd\u011bl\u00e1v\u00e1n\u00ed a&nbsp;z\u00e1bavy, ale i&nbsp;zav\u00e1d\u011bn\u00ed nov\u00fdch technologi\u00ed. Jsou to nap\u0159\u00edklad:\u2013 Vydavatelsk\u00fd d\u016fm Grada Publishing, a.s.\u2013 Vydavatelstv\u00ed Radioservis (\u010cesk\u00fd rozhlas)\u2013 Czech News Center, a.s.\u2013 Divesoft, s.r.o.\u2013 Tisk\u00e1rna K+H\u2013","og_url":"http:\/\/www.q-print.cz\/index.php\/reference\/","og_site_name":"Q-print","article_publisher":"http:\/\/www.facebook.com\/q.print.melnik","article_modified_time":"2025-03-06T12:45:32+00:00","twitter_card":"summary_large_image","twitter_misc":{"Odhadovan\u00e1 doba \u010dten\u00ed":"1 minuta"},"schema":{"@context":"https:\/\/schema.org","@graph":[{"@type":"WebPage","@id":"http:\/\/www.q-print.cz\/index.php\/reference\/","url":"http:\/\/www.q-print.cz\/index.php\/reference\/","name":"Reference - Q-print","isPartOf":{"@id":"http:\/\/www.q-print.cz\/#website"},"datePublished":"2019-01-23T21:05:26+00:00","dateModified":"2025-03-06T12:45:32+00:00","breadcrumb":{"@id":"http:\/\/www.q-print.cz\/index.php\/reference\/#breadcrumb"},"inLanguage":"cs","potentialAction":[{"@type":"ReadAction","target":["http:\/\/www.q-print.cz\/index.php\/reference\/"]}]},{"@type":"BreadcrumbList","@id":"http:\/\/www.q-print.cz\/index.php\/reference\/#breadcrumb","itemListElement":[{"@type":"ListItem","position":1,"name":"Dom\u016f","item":"http:\/\/www.q-print.cz\/"},{"@type":"ListItem","position":2,"name":"Reference"}]},{"@type":"WebSite","@id":"http:\/\/www.q-print.cz\/#website","url":"http:\/\/www.q-print.cz\/","name":"Q-print","description":"Barevn\u00fd digit\u00e1ln\u00ed tisk a DTP","publisher":{"@id":"http:\/\/www.q-print.cz\/#organization"},"potentialAction":[{"@type":"SearchAction","target":{"@type":"EntryPoint","urlTemplate":"http:\/\/www.q-print.cz\/?s={search_term_string}"},"query-input":{"@type":"PropertyValueSpecification","valueRequired":true,"valueName":"search_term_string"}}],"inLanguage":"cs"},{"@type":"Organization","@id":"http:\/\/www.q-print.cz\/#organization","name":"Q-print, Jan \u0160\u00edstek","url":"http:\/\/www.q-print.cz\/","logo":{"@type":"ImageObject","inLanguage":"cs","@id":"http:\/\/www.q-print.cz\/#\/schema\/logo\/image\/","url":"http:\/\/www.q-print.cz\/wp-content\/uploads\/2019\/01\/Q-print-mal\u00e9.jpg","contentUrl":"http:\/\/www.q-print.cz\/wp-content\/uploads\/2019\/01\/Q-print-mal\u00e9.jpg","width":180,"height":180,"caption":"Q-print, Jan \u0160\u00edstek"},"image":{"@id":"http:\/\/www.q-print.cz\/#\/schema\/logo\/image\/"},"sameAs":["http:\/\/www.facebook.com\/q.print.melnik"]}]}},"_links":{"self":[{"href":"https:\/\/www.q-print.cz\/index.php\/wp-json\/wp\/v2\/pages\/70","targetHints":{"allow":["GET"]}}],"collection":[{"href":"https:\/\/www.q-print.cz\/index.php\/wp-json\/wp\/v2\/pages"}],"about":[{"href":"https:\/\/www.q-print.cz\/index.php\/wp-json\/wp\/v2\/types\/page"}],"author":[{"embeddable":true,"href":"https:\/\/www.q-print.cz\/index.php\/wp-json\/wp\/v2\/users\/1"}],"replies":[{"embeddable":true,"href":"https:\/\/www.q-print.cz\/index.php\/wp-json\/wp\/v2\/comments?post=70"}],"version-history":[{"count":9,"href":"https:\/\/www.q-print.cz\/index.php\/wp-json\/wp\/v2\/pages\/70\/revisions"}],"predecessor-version":[{"id":245,"href":"https:\/\/www.q-print.cz\/index.php\/wp-json\/wp\/v2\/pages\/70\/revisions\/245"}],"wp:attachment":[{"href":"https:\/\/www.q-print.cz\/index.php\/wp-json\/wp\/v2\/media?parent=70"}],"curies":[{"name":"wp","href":"https:\/\/api.w.org\/{rel}","templated":true}]}}