{"id":68,"date":"2019-01-23T21:05:26","date_gmt":"2019-01-23T21:05:26","guid":{"rendered":"http:\/\/www.q-print.cz\/?page_id=68"},"modified":"2019-01-30T20:21:12","modified_gmt":"2019-01-30T20:21:12","slug":"dtp","status":"publish","type":"page","link":"https:\/\/www.q-print.cz\/index.php\/dtp\/","title":{"rendered":"DTP"},"content":{"rendered":"\n<p>Od roku 1996 se zab\u00fdv\u00e1m <em>sazbou a&nbsp;zlomem v\u0161ech tiskovin<\/em>. Od t\u011bch nejjednodu\u0161\u0161\u00edch (jako jsou nav\u0161t\u00edvenky, komplimentky a&nbsp;let\u00e1ky), p\u0159es slo\u017eit\u011bj\u0161\u00ed projekty (katalogy a&nbsp;bro\u017eury), a\u017e po&nbsp;nejslo\u017eit\u011bj\u0161\u00ed sazbu odborn\u00fdch knih pro nejv\u011bt\u0161\u00ed nakladatelstv\u00ed odborn\u00e9 literatury v&nbsp;\u010cR (Grada Publishing, a.s.). <\/p>\n\n\n\n<p>Jako dopln\u011bk m\u016f\u017eu nab\u00eddnout zpracov\u00e1n\u00ed modern\u00edch <em>QR-k\u00f3d\u016f<\/em> (jejich generov\u00e1n\u00ed a&nbsp;vkl\u00e1d\u00e1n\u00ed do tiskovin), stejn\u011b tak i&nbsp;tvorbu a&nbsp;generov\u00e1n\u00ed <em>EAN<\/em> (\u010d\u00e1rov\u00fdch) k\u00f3d\u016f.<\/p>\n\n\n\n<p>Z knih a&nbsp;publikac\u00ed d\u00e1le pokra\u010duji k&nbsp;dnes st\u00e1le obl\u00edben\u011bj\u0161\u00edm <em>epub\u016fm<\/em> a&nbsp;elektronick\u00fdm verz\u00edm knih.<\/p>\n\n\n\n<figure class=\"wp-block-image\"><img loading=\"lazy\" decoding=\"async\" width=\"1024\" height=\"302\" src=\"http:\/\/www.q-print.cz\/wp-content\/uploads\/2019\/01\/dtp-1024x302.jpg\" alt=\"\" class=\"wp-image-168\" srcset=\"https:\/\/www.q-print.cz\/wp-content\/uploads\/2019\/01\/dtp-1024x302.jpg 1024w, https:\/\/www.q-print.cz\/wp-content\/uploads\/2019\/01\/dtp-300x89.jpg 300w, https:\/\/www.q-print.cz\/wp-content\/uploads\/2019\/01\/dtp-768x227.jpg 768w, https:\/\/www.q-print.cz\/wp-content\/uploads\/2019\/01\/dtp.jpg 1994w\" sizes=\"auto, (max-width: 1024px) 100vw, 1024px\" \/><\/figure>\n\n\n\n<p>Nab\u00edz\u00edm tak\u00e9 <em>fotografov\u00e1n\u00ed<\/em> \u2013 exteri\u00e9rov\u00e9, interi\u00e9rov\u00e9 i&nbsp;produktov\u00e9. V\u0161e s&nbsp;barevn\u00fdmi korekcemi a&nbsp;profesion\u00e1ln\u00ed retu\u0161\u00ed.<\/p>\n\n\n\n<p><em>Grafika <\/em>\u2013 \u017e\u00e1dn\u00e1 tiskovina by bez kvalitn\u00ed a&nbsp;n\u00e1padit\u00e9 grafiky nevypadala dob\u0159e. Pokud nem\u00e1 klient sv\u016fj grafick\u00fd n\u00e1vrh, vytvo\u0159\u00edm v\u0161e od loga, p\u0159es podobu let\u00e1k\u016f, vizitek atd. Zkr\u00e1tka kvalitn\u00ed a&nbsp;kompletn\u00ed grafick\u00fd (firemn\u00ed) manu\u00e1l.<\/p>\n","protected":false},"excerpt":{"rendered":"<p>Od roku 1996 se zab\u00fdv\u00e1m sazbou a&nbsp;zlomem v\u0161ech tiskovin. Od t\u011bch nejjednodu\u0161\u0161\u00edch (jako jsou nav\u0161t\u00edvenky, komplimentky a&nbsp;let\u00e1ky), p\u0159es slo\u017eit\u011bj\u0161\u00ed projekty (katalogy a&nbsp;bro\u017eury), a\u017e po&nbsp;nejslo\u017eit\u011bj\u0161\u00ed sazbu odborn\u00fdch knih pro nejv\u011bt\u0161\u00ed nakladatelstv\u00ed odborn\u00e9 literatury v&nbsp;\u010cR (Grada Publishing, a.s.). Jako dopln\u011bk m\u016f\u017eu nab\u00eddnout<\/p>\n","protected":false},"author":1,"featured_media":0,"parent":0,"menu_order":0,"comment_status":"closed","ping_status":"closed","template":"","meta":{"footnotes":""},"class_list":["post-68","page","type-page","status-publish","hentry"],"yoast_head":"<!-- This site is optimized with the Yoast SEO plugin v24.6 - https:\/\/yoast.com\/wordpress\/plugins\/seo\/ -->\n<title>DTP - Q-print<\/title>\n<meta name=\"robots\" content=\"index, follow, max-snippet:-1, max-image-preview:large, max-video-preview:-1\" \/>\n<link rel=\"canonical\" href=\"https:\/\/www.q-print.cz\/index.php\/dtp\/\" \/>\n<meta property=\"og:locale\" content=\"cs_CZ\" \/>\n<meta property=\"og:type\" content=\"article\" \/>\n<meta property=\"og:title\" content=\"DTP - Q-print\" \/>\n<meta property=\"og:description\" content=\"Od roku 1996 se zab\u00fdv\u00e1m sazbou a&nbsp;zlomem v\u0161ech tiskovin. Od t\u011bch nejjednodu\u0161\u0161\u00edch (jako jsou nav\u0161t\u00edvenky, komplimentky a&nbsp;let\u00e1ky), p\u0159es slo\u017eit\u011bj\u0161\u00ed projekty (katalogy a&nbsp;bro\u017eury), a\u017e po&nbsp;nejslo\u017eit\u011bj\u0161\u00ed sazbu odborn\u00fdch knih pro nejv\u011bt\u0161\u00ed nakladatelstv\u00ed odborn\u00e9 literatury v&nbsp;\u010cR (Grada Publishing, a.s.). Jako dopln\u011bk m\u016f\u017eu nab\u00eddnout\" \/>\n<meta property=\"og:url\" content=\"https:\/\/www.q-print.cz\/index.php\/dtp\/\" \/>\n<meta property=\"og:site_name\" content=\"Q-print\" \/>\n<meta property=\"article:publisher\" content=\"http:\/\/www.facebook.com\/q.print.melnik\" \/>\n<meta property=\"article:modified_time\" content=\"2019-01-30T20:21:12+00:00\" \/>\n<meta property=\"og:image\" content=\"http:\/\/www.q-print.cz\/wp-content\/uploads\/2019\/01\/dtp-1024x302.jpg\" \/>\n<meta name=\"twitter:card\" content=\"summary_large_image\" \/>\n<meta name=\"twitter:label1\" content=\"Odhadovan\u00e1 doba \u010dten\u00ed\" \/>\n\t<meta name=\"twitter:data1\" content=\"1 minuta\" \/>\n<script type=\"application\/ld+json\" class=\"yoast-schema-graph\">{\"@context\":\"https:\/\/schema.org\",\"@graph\":[{\"@type\":\"WebPage\",\"@id\":\"https:\/\/www.q-print.cz\/index.php\/dtp\/\",\"url\":\"https:\/\/www.q-print.cz\/index.php\/dtp\/\",\"name\":\"DTP - Q-print\",\"isPartOf\":{\"@id\":\"http:\/\/www.q-print.cz\/#website\"},\"primaryImageOfPage\":{\"@id\":\"https:\/\/www.q-print.cz\/index.php\/dtp\/#primaryimage\"},\"image\":{\"@id\":\"https:\/\/www.q-print.cz\/index.php\/dtp\/#primaryimage\"},\"thumbnailUrl\":\"http:\/\/www.q-print.cz\/wp-content\/uploads\/2019\/01\/dtp-1024x302.jpg\",\"datePublished\":\"2019-01-23T21:05:26+00:00\",\"dateModified\":\"2019-01-30T20:21:12+00:00\",\"breadcrumb\":{\"@id\":\"https:\/\/www.q-print.cz\/index.php\/dtp\/#breadcrumb\"},\"inLanguage\":\"cs\",\"potentialAction\":[{\"@type\":\"ReadAction\",\"target\":[\"https:\/\/www.q-print.cz\/index.php\/dtp\/\"]}]},{\"@type\":\"ImageObject\",\"inLanguage\":\"cs\",\"@id\":\"https:\/\/www.q-print.cz\/index.php\/dtp\/#primaryimage\",\"url\":\"https:\/\/www.q-print.cz\/wp-content\/uploads\/2019\/01\/dtp.jpg\",\"contentUrl\":\"https:\/\/www.q-print.cz\/wp-content\/uploads\/2019\/01\/dtp.jpg\",\"width\":1994,\"height\":589},{\"@type\":\"BreadcrumbList\",\"@id\":\"https:\/\/www.q-print.cz\/index.php\/dtp\/#breadcrumb\",\"itemListElement\":[{\"@type\":\"ListItem\",\"position\":1,\"name\":\"Dom\u016f\",\"item\":\"http:\/\/www.q-print.cz\/\"},{\"@type\":\"ListItem\",\"position\":2,\"name\":\"DTP\"}]},{\"@type\":\"WebSite\",\"@id\":\"http:\/\/www.q-print.cz\/#website\",\"url\":\"http:\/\/www.q-print.cz\/\",\"name\":\"Q-print\",\"description\":\"Barevn\u00fd digit\u00e1ln\u00ed tisk a DTP\",\"publisher\":{\"@id\":\"http:\/\/www.q-print.cz\/#organization\"},\"potentialAction\":[{\"@type\":\"SearchAction\",\"target\":{\"@type\":\"EntryPoint\",\"urlTemplate\":\"http:\/\/www.q-print.cz\/?s={search_term_string}\"},\"query-input\":{\"@type\":\"PropertyValueSpecification\",\"valueRequired\":true,\"valueName\":\"search_term_string\"}}],\"inLanguage\":\"cs\"},{\"@type\":\"Organization\",\"@id\":\"http:\/\/www.q-print.cz\/#organization\",\"name\":\"Q-print, Jan \u0160\u00edstek\",\"url\":\"http:\/\/www.q-print.cz\/\",\"logo\":{\"@type\":\"ImageObject\",\"inLanguage\":\"cs\",\"@id\":\"http:\/\/www.q-print.cz\/#\/schema\/logo\/image\/\",\"url\":\"http:\/\/www.q-print.cz\/wp-content\/uploads\/2019\/01\/Q-print-mal\u00e9.jpg\",\"contentUrl\":\"http:\/\/www.q-print.cz\/wp-content\/uploads\/2019\/01\/Q-print-mal\u00e9.jpg\",\"width\":180,\"height\":180,\"caption\":\"Q-print, Jan \u0160\u00edstek\"},\"image\":{\"@id\":\"http:\/\/www.q-print.cz\/#\/schema\/logo\/image\/\"},\"sameAs\":[\"http:\/\/www.facebook.com\/q.print.melnik\"]}]}<\/script>\n<!-- \/ Yoast SEO plugin. -->","yoast_head_json":{"title":"DTP - Q-print","robots":{"index":"index","follow":"follow","max-snippet":"max-snippet:-1","max-image-preview":"max-image-preview:large","max-video-preview":"max-video-preview:-1"},"canonical":"https:\/\/www.q-print.cz\/index.php\/dtp\/","og_locale":"cs_CZ","og_type":"article","og_title":"DTP - Q-print","og_description":"Od roku 1996 se zab\u00fdv\u00e1m sazbou a&nbsp;zlomem v\u0161ech tiskovin. Od t\u011bch nejjednodu\u0161\u0161\u00edch (jako jsou nav\u0161t\u00edvenky, komplimentky a&nbsp;let\u00e1ky), p\u0159es slo\u017eit\u011bj\u0161\u00ed projekty (katalogy a&nbsp;bro\u017eury), a\u017e po&nbsp;nejslo\u017eit\u011bj\u0161\u00ed sazbu odborn\u00fdch knih pro nejv\u011bt\u0161\u00ed nakladatelstv\u00ed odborn\u00e9 literatury v&nbsp;\u010cR (Grada Publishing, a.s.). Jako dopln\u011bk m\u016f\u017eu nab\u00eddnout","og_url":"https:\/\/www.q-print.cz\/index.php\/dtp\/","og_site_name":"Q-print","article_publisher":"http:\/\/www.facebook.com\/q.print.melnik","article_modified_time":"2019-01-30T20:21:12+00:00","og_image":[{"url":"http:\/\/www.q-print.cz\/wp-content\/uploads\/2019\/01\/dtp-1024x302.jpg","type":"","width":"","height":""}],"twitter_card":"summary_large_image","twitter_misc":{"Odhadovan\u00e1 doba \u010dten\u00ed":"1 minuta"},"schema":{"@context":"https:\/\/schema.org","@graph":[{"@type":"WebPage","@id":"https:\/\/www.q-print.cz\/index.php\/dtp\/","url":"https:\/\/www.q-print.cz\/index.php\/dtp\/","name":"DTP - Q-print","isPartOf":{"@id":"http:\/\/www.q-print.cz\/#website"},"primaryImageOfPage":{"@id":"https:\/\/www.q-print.cz\/index.php\/dtp\/#primaryimage"},"image":{"@id":"https:\/\/www.q-print.cz\/index.php\/dtp\/#primaryimage"},"thumbnailUrl":"http:\/\/www.q-print.cz\/wp-content\/uploads\/2019\/01\/dtp-1024x302.jpg","datePublished":"2019-01-23T21:05:26+00:00","dateModified":"2019-01-30T20:21:12+00:00","breadcrumb":{"@id":"https:\/\/www.q-print.cz\/index.php\/dtp\/#breadcrumb"},"inLanguage":"cs","potentialAction":[{"@type":"ReadAction","target":["https:\/\/www.q-print.cz\/index.php\/dtp\/"]}]},{"@type":"ImageObject","inLanguage":"cs","@id":"https:\/\/www.q-print.cz\/index.php\/dtp\/#primaryimage","url":"https:\/\/www.q-print.cz\/wp-content\/uploads\/2019\/01\/dtp.jpg","contentUrl":"https:\/\/www.q-print.cz\/wp-content\/uploads\/2019\/01\/dtp.jpg","width":1994,"height":589},{"@type":"BreadcrumbList","@id":"https:\/\/www.q-print.cz\/index.php\/dtp\/#breadcrumb","itemListElement":[{"@type":"ListItem","position":1,"name":"Dom\u016f","item":"http:\/\/www.q-print.cz\/"},{"@type":"ListItem","position":2,"name":"DTP"}]},{"@type":"WebSite","@id":"http:\/\/www.q-print.cz\/#website","url":"http:\/\/www.q-print.cz\/","name":"Q-print","description":"Barevn\u00fd digit\u00e1ln\u00ed tisk a DTP","publisher":{"@id":"http:\/\/www.q-print.cz\/#organization"},"potentialAction":[{"@type":"SearchAction","target":{"@type":"EntryPoint","urlTemplate":"http:\/\/www.q-print.cz\/?s={search_term_string}"},"query-input":{"@type":"PropertyValueSpecification","valueRequired":true,"valueName":"search_term_string"}}],"inLanguage":"cs"},{"@type":"Organization","@id":"http:\/\/www.q-print.cz\/#organization","name":"Q-print, Jan \u0160\u00edstek","url":"http:\/\/www.q-print.cz\/","logo":{"@type":"ImageObject","inLanguage":"cs","@id":"http:\/\/www.q-print.cz\/#\/schema\/logo\/image\/","url":"http:\/\/www.q-print.cz\/wp-content\/uploads\/2019\/01\/Q-print-mal\u00e9.jpg","contentUrl":"http:\/\/www.q-print.cz\/wp-content\/uploads\/2019\/01\/Q-print-mal\u00e9.jpg","width":180,"height":180,"caption":"Q-print, Jan \u0160\u00edstek"},"image":{"@id":"http:\/\/www.q-print.cz\/#\/schema\/logo\/image\/"},"sameAs":["http:\/\/www.facebook.com\/q.print.melnik"]}]}},"_links":{"self":[{"href":"https:\/\/www.q-print.cz\/index.php\/wp-json\/wp\/v2\/pages\/68","targetHints":{"allow":["GET"]}}],"collection":[{"href":"https:\/\/www.q-print.cz\/index.php\/wp-json\/wp\/v2\/pages"}],"about":[{"href":"https:\/\/www.q-print.cz\/index.php\/wp-json\/wp\/v2\/types\/page"}],"author":[{"embeddable":true,"href":"https:\/\/www.q-print.cz\/index.php\/wp-json\/wp\/v2\/users\/1"}],"replies":[{"embeddable":true,"href":"https:\/\/www.q-print.cz\/index.php\/wp-json\/wp\/v2\/comments?post=68"}],"version-history":[{"count":8,"href":"https:\/\/www.q-print.cz\/index.php\/wp-json\/wp\/v2\/pages\/68\/revisions"}],"predecessor-version":[{"id":169,"href":"https:\/\/www.q-print.cz\/index.php\/wp-json\/wp\/v2\/pages\/68\/revisions\/169"}],"wp:attachment":[{"href":"https:\/\/www.q-print.cz\/index.php\/wp-json\/wp\/v2\/media?parent=68"}],"curies":[{"name":"wp","href":"https:\/\/api.w.org\/{rel}","templated":true}]}}