{"id":14,"date":"2019-01-23T19:18:24","date_gmt":"2019-01-23T19:18:24","guid":{"rendered":"http:\/\/www.q-print.cz\/?page_id=14"},"modified":"2025-04-22T07:13:24","modified_gmt":"2025-04-22T07:13:24","slug":"kontakt","status":"publish","type":"page","link":"https:\/\/www.q-print.cz\/index.php\/kontakt\/","title":{"rendered":"Kontakt"},"content":{"rendered":"<p><strong>Q-print \u2013 Jan \u0160\u00edstek<\/strong><br \/>Pra\u017esk\u00e1 530<br \/>276&nbsp;01\u00a0 M\u011bln\u00edk<\/p>\n<p>Tel.: 777&nbsp;336&nbsp;525<\/p>\n<p>e-mail: <a href=\"mailto:zakazky@q-print.cz\">zakazky(at)q-print.cz<\/a><\/p>\n\n\n<p><br><strong>Kontaktn\u00ed formul\u00e1\u0159:<\/strong><\/p>\n\n\n\n<pre class=\"wp-block-preformatted\">\n<div class=\"wpcf7 no-js\" id=\"wpcf7-f78-o1\" lang=\"cs-CZ\" dir=\"ltr\" data-wpcf7-id=\"78\">\n<div class=\"screen-reader-response\"><p role=\"status\" aria-live=\"polite\" aria-atomic=\"true\"><\/p> <ul><\/ul><\/div>\n<form action=\"\/index.php\/wp-json\/wp\/v2\/pages\/14#wpcf7-f78-o1\" method=\"post\" class=\"wpcf7-form init\" aria-label=\"Kontaktn\u00ed formul\u00e1\u0159\" novalidate=\"novalidate\" data-status=\"init\">\n<div style=\"display: none;\">\n<input type=\"hidden\" name=\"_wpcf7\" value=\"78\" \/>\n<input type=\"hidden\" name=\"_wpcf7_version\" value=\"6.0.4\" \/>\n<input type=\"hidden\" name=\"_wpcf7_locale\" value=\"cs_CZ\" \/>\n<input type=\"hidden\" name=\"_wpcf7_unit_tag\" value=\"wpcf7-f78-o1\" \/>\n<input type=\"hidden\" name=\"_wpcf7_container_post\" value=\"0\" \/>\n<input type=\"hidden\" name=\"_wpcf7_posted_data_hash\" value=\"\" \/>\n<\/div>\n<p><label> Va\u0161e jm\u00e9no (vy\u017eadov\u00e1no)<br \/>\n<span class=\"wpcf7-form-control-wrap\" data-name=\"your-name\"><input size=\"40\" maxlength=\"400\" class=\"wpcf7-form-control wpcf7-text wpcf7-validates-as-required\" aria-required=\"true\" aria-invalid=\"false\" value=\"\" type=\"text\" name=\"your-name\" \/><\/span> <\/label>\n<\/p>\n<p><label> V\u00e1\u0161 e-mail (vy\u017eadov\u00e1no)<br \/>\n<span class=\"wpcf7-form-control-wrap\" data-name=\"your-email\"><input size=\"40\" maxlength=\"400\" class=\"wpcf7-form-control wpcf7-email wpcf7-validates-as-required wpcf7-text wpcf7-validates-as-email\" aria-required=\"true\" aria-invalid=\"false\" value=\"\" type=\"email\" name=\"your-email\" \/><\/span> <\/label>\n<\/p>\n<p><label> P\u0159edm\u011bt<br \/>\n<span class=\"wpcf7-form-control-wrap\" data-name=\"your-subject\"><input size=\"40\" maxlength=\"400\" class=\"wpcf7-form-control wpcf7-text\" aria-invalid=\"false\" value=\"\" type=\"text\" name=\"your-subject\" \/><\/span> <\/label>\n<\/p>\n<p><label> Va\u0161e zpr\u00e1va<br \/>\n<span class=\"wpcf7-form-control-wrap\" data-name=\"your-message\"><textarea cols=\"40\" rows=\"10\" maxlength=\"2000\" class=\"wpcf7-form-control wpcf7-textarea\" aria-invalid=\"false\" name=\"your-message\"><\/textarea><\/span> <\/label>\n<\/p>\n<p><input class=\"wpcf7-form-control wpcf7-submit has-spinner\" type=\"submit\" value=\"Odeslat\" \/>\n<\/p><p style=\"display: none !important;\" class=\"akismet-fields-container\" data-prefix=\"_wpcf7_ak_\"><label>&#916;<textarea name=\"_wpcf7_ak_hp_textarea\" cols=\"45\" rows=\"8\" maxlength=\"100\"><\/textarea><\/label><input type=\"hidden\" id=\"ak_js_1\" name=\"_wpcf7_ak_js\" value=\"180\"\/><script>document.getElementById( \"ak_js_1\" ).setAttribute( \"value\", ( new Date() ).getTime() );<\/script><\/p><div class=\"wpcf7-response-output\" aria-hidden=\"true\"><\/div>\n<\/form>\n<\/div>\n<\/pre>\n\n\n\n<p><\/p>\n","protected":false},"excerpt":{"rendered":"<p>Q-print \u2013 Jan \u0160\u00edstekPra\u017esk\u00e1 530276&nbsp;01\u00a0 M\u011bln\u00edk Tel.: 777&nbsp;336&nbsp;525 e-mail: zakazky(at)q-print.cz Kontaktn\u00ed formul\u00e1\u0159:<\/p>\n","protected":false},"author":1,"featured_media":0,"parent":0,"menu_order":0,"comment_status":"closed","ping_status":"closed","template":"","meta":{"footnotes":""},"class_list":["post-14","page","type-page","status-publish","hentry"],"yoast_head":"<!-- This site is optimized with the Yoast SEO plugin v24.6 - https:\/\/yoast.com\/wordpress\/plugins\/seo\/ -->\n<title>Kontakt - Q-print<\/title>\n<meta name=\"robots\" content=\"index, follow, max-snippet:-1, max-image-preview:large, max-video-preview:-1\" \/>\n<link rel=\"canonical\" href=\"http:\/\/www.q-print.cz\/index.php\/kontakt\/\" \/>\n<meta property=\"og:locale\" content=\"cs_CZ\" \/>\n<meta property=\"og:type\" content=\"article\" \/>\n<meta property=\"og:title\" content=\"Kontakt - Q-print\" \/>\n<meta property=\"og:description\" content=\"Q-print \u2013 Jan \u0160\u00edstekPra\u017esk\u00e1 530276&nbsp;01\u00a0 M\u011bln\u00edk Tel.: 777&nbsp;336&nbsp;525 e-mail: zakazky(at)q-print.cz Kontaktn\u00ed formul\u00e1\u0159:\" \/>\n<meta property=\"og:url\" content=\"http:\/\/www.q-print.cz\/index.php\/kontakt\/\" \/>\n<meta property=\"og:site_name\" content=\"Q-print\" \/>\n<meta property=\"article:publisher\" content=\"http:\/\/www.facebook.com\/q.print.melnik\" \/>\n<meta property=\"article:modified_time\" content=\"2025-04-22T07:13:24+00:00\" \/>\n<meta name=\"twitter:card\" content=\"summary_large_image\" \/>\n<meta name=\"twitter:label1\" content=\"Odhadovan\u00e1 doba \u010dten\u00ed\" \/>\n\t<meta name=\"twitter:data1\" content=\"1 minuta\" \/>\n<script type=\"application\/ld+json\" class=\"yoast-schema-graph\">{\"@context\":\"https:\/\/schema.org\",\"@graph\":[{\"@type\":\"WebPage\",\"@id\":\"http:\/\/www.q-print.cz\/index.php\/kontakt\/\",\"url\":\"http:\/\/www.q-print.cz\/index.php\/kontakt\/\",\"name\":\"Kontakt - Q-print\",\"isPartOf\":{\"@id\":\"http:\/\/www.q-print.cz\/#website\"},\"datePublished\":\"2019-01-23T19:18:24+00:00\",\"dateModified\":\"2025-04-22T07:13:24+00:00\",\"breadcrumb\":{\"@id\":\"http:\/\/www.q-print.cz\/index.php\/kontakt\/#breadcrumb\"},\"inLanguage\":\"cs\",\"potentialAction\":[{\"@type\":\"ReadAction\",\"target\":[\"http:\/\/www.q-print.cz\/index.php\/kontakt\/\"]}]},{\"@type\":\"BreadcrumbList\",\"@id\":\"http:\/\/www.q-print.cz\/index.php\/kontakt\/#breadcrumb\",\"itemListElement\":[{\"@type\":\"ListItem\",\"position\":1,\"name\":\"Dom\u016f\",\"item\":\"http:\/\/www.q-print.cz\/\"},{\"@type\":\"ListItem\",\"position\":2,\"name\":\"Kontakt\"}]},{\"@type\":\"WebSite\",\"@id\":\"http:\/\/www.q-print.cz\/#website\",\"url\":\"http:\/\/www.q-print.cz\/\",\"name\":\"Q-print\",\"description\":\"Barevn\u00fd digit\u00e1ln\u00ed tisk a DTP\",\"publisher\":{\"@id\":\"http:\/\/www.q-print.cz\/#organization\"},\"potentialAction\":[{\"@type\":\"SearchAction\",\"target\":{\"@type\":\"EntryPoint\",\"urlTemplate\":\"http:\/\/www.q-print.cz\/?s={search_term_string}\"},\"query-input\":{\"@type\":\"PropertyValueSpecification\",\"valueRequired\":true,\"valueName\":\"search_term_string\"}}],\"inLanguage\":\"cs\"},{\"@type\":\"Organization\",\"@id\":\"http:\/\/www.q-print.cz\/#organization\",\"name\":\"Q-print, Jan \u0160\u00edstek\",\"url\":\"http:\/\/www.q-print.cz\/\",\"logo\":{\"@type\":\"ImageObject\",\"inLanguage\":\"cs\",\"@id\":\"http:\/\/www.q-print.cz\/#\/schema\/logo\/image\/\",\"url\":\"http:\/\/www.q-print.cz\/wp-content\/uploads\/2019\/01\/Q-print-mal\u00e9.jpg\",\"contentUrl\":\"http:\/\/www.q-print.cz\/wp-content\/uploads\/2019\/01\/Q-print-mal\u00e9.jpg\",\"width\":180,\"height\":180,\"caption\":\"Q-print, Jan \u0160\u00edstek\"},\"image\":{\"@id\":\"http:\/\/www.q-print.cz\/#\/schema\/logo\/image\/\"},\"sameAs\":[\"http:\/\/www.facebook.com\/q.print.melnik\"]}]}<\/script>\n<!-- \/ Yoast SEO plugin. -->","yoast_head_json":{"title":"Kontakt - Q-print","robots":{"index":"index","follow":"follow","max-snippet":"max-snippet:-1","max-image-preview":"max-image-preview:large","max-video-preview":"max-video-preview:-1"},"canonical":"http:\/\/www.q-print.cz\/index.php\/kontakt\/","og_locale":"cs_CZ","og_type":"article","og_title":"Kontakt - Q-print","og_description":"Q-print \u2013 Jan \u0160\u00edstekPra\u017esk\u00e1 530276&nbsp;01\u00a0 M\u011bln\u00edk Tel.: 777&nbsp;336&nbsp;525 e-mail: zakazky(at)q-print.cz Kontaktn\u00ed formul\u00e1\u0159:","og_url":"http:\/\/www.q-print.cz\/index.php\/kontakt\/","og_site_name":"Q-print","article_publisher":"http:\/\/www.facebook.com\/q.print.melnik","article_modified_time":"2025-04-22T07:13:24+00:00","twitter_card":"summary_large_image","twitter_misc":{"Odhadovan\u00e1 doba \u010dten\u00ed":"1 minuta"},"schema":{"@context":"https:\/\/schema.org","@graph":[{"@type":"WebPage","@id":"http:\/\/www.q-print.cz\/index.php\/kontakt\/","url":"http:\/\/www.q-print.cz\/index.php\/kontakt\/","name":"Kontakt - Q-print","isPartOf":{"@id":"http:\/\/www.q-print.cz\/#website"},"datePublished":"2019-01-23T19:18:24+00:00","dateModified":"2025-04-22T07:13:24+00:00","breadcrumb":{"@id":"http:\/\/www.q-print.cz\/index.php\/kontakt\/#breadcrumb"},"inLanguage":"cs","potentialAction":[{"@type":"ReadAction","target":["http:\/\/www.q-print.cz\/index.php\/kontakt\/"]}]},{"@type":"BreadcrumbList","@id":"http:\/\/www.q-print.cz\/index.php\/kontakt\/#breadcrumb","itemListElement":[{"@type":"ListItem","position":1,"name":"Dom\u016f","item":"http:\/\/www.q-print.cz\/"},{"@type":"ListItem","position":2,"name":"Kontakt"}]},{"@type":"WebSite","@id":"http:\/\/www.q-print.cz\/#website","url":"http:\/\/www.q-print.cz\/","name":"Q-print","description":"Barevn\u00fd digit\u00e1ln\u00ed tisk a DTP","publisher":{"@id":"http:\/\/www.q-print.cz\/#organization"},"potentialAction":[{"@type":"SearchAction","target":{"@type":"EntryPoint","urlTemplate":"http:\/\/www.q-print.cz\/?s={search_term_string}"},"query-input":{"@type":"PropertyValueSpecification","valueRequired":true,"valueName":"search_term_string"}}],"inLanguage":"cs"},{"@type":"Organization","@id":"http:\/\/www.q-print.cz\/#organization","name":"Q-print, Jan \u0160\u00edstek","url":"http:\/\/www.q-print.cz\/","logo":{"@type":"ImageObject","inLanguage":"cs","@id":"http:\/\/www.q-print.cz\/#\/schema\/logo\/image\/","url":"http:\/\/www.q-print.cz\/wp-content\/uploads\/2019\/01\/Q-print-mal\u00e9.jpg","contentUrl":"http:\/\/www.q-print.cz\/wp-content\/uploads\/2019\/01\/Q-print-mal\u00e9.jpg","width":180,"height":180,"caption":"Q-print, Jan \u0160\u00edstek"},"image":{"@id":"http:\/\/www.q-print.cz\/#\/schema\/logo\/image\/"},"sameAs":["http:\/\/www.facebook.com\/q.print.melnik"]}]}},"_links":{"self":[{"href":"https:\/\/www.q-print.cz\/index.php\/wp-json\/wp\/v2\/pages\/14","targetHints":{"allow":["GET"]}}],"collection":[{"href":"https:\/\/www.q-print.cz\/index.php\/wp-json\/wp\/v2\/pages"}],"about":[{"href":"https:\/\/www.q-print.cz\/index.php\/wp-json\/wp\/v2\/types\/page"}],"author":[{"embeddable":true,"href":"https:\/\/www.q-print.cz\/index.php\/wp-json\/wp\/v2\/users\/1"}],"replies":[{"embeddable":true,"href":"https:\/\/www.q-print.cz\/index.php\/wp-json\/wp\/v2\/comments?post=14"}],"version-history":[{"count":10,"href":"https:\/\/www.q-print.cz\/index.php\/wp-json\/wp\/v2\/pages\/14\/revisions"}],"predecessor-version":[{"id":247,"href":"https:\/\/www.q-print.cz\/index.php\/wp-json\/wp\/v2\/pages\/14\/revisions\/247"}],"wp:attachment":[{"href":"https:\/\/www.q-print.cz\/index.php\/wp-json\/wp\/v2\/media?parent=14"}],"curies":[{"name":"wp","href":"https:\/\/api.w.org\/{rel}","templated":true}]}}