{"id":12,"date":"2019-01-23T19:18:24","date_gmt":"2019-01-23T19:18:24","guid":{"rendered":"http:\/\/www.q-print.cz\/?page_id=12"},"modified":"2019-01-30T20:10:48","modified_gmt":"2019-01-30T20:10:48","slug":"uvod","status":"publish","type":"page","link":"https:\/\/www.q-print.cz\/","title":{"rendered":"\u00davod"},"content":{"rendered":"<p>V\u00edtejte na webov\u00fdch str\u00e1nk\u00e1ch Q-print.&nbsp;<\/p>\n<p>Najdete zde z\u00e1kladn\u00ed informace o&nbsp;nab\u00edzen\u00fdch slu\u017eb\u00e1ch:<br>\u2013 digit\u00e1ln\u00ed a&nbsp;ofsetov\u00fd tisk<br>\u2013 DTP studio<br>\u2013 grafick\u00e9 n\u00e1vrhy<br>\u2013 fotografov\u00e1n\u00ed&#8230;<\/p>\n<p>Nejsou zde uvedeny v\u0161echny nab\u00edzen\u00e9 mo\u017enosti, proto\u017ee je jich opravdu mnoho. Q-print je zam\u011b\u0159en na poskytov\u00e1n\u00ed komplexn\u00edch slu\u017eeb v&nbsp;oblasti typografie a&nbsp;polygrafie, spolupracuji s&nbsp;ov\u011b\u0159en\u00fdmi spole\u010dnostmi, kter\u00e9 garantuj\u00ed v\u00fdbornou kvalitu produkt\u016f. D\u00edky osobn\u00edmu p\u0159\u00edstupu jist\u011b dojdeme ke shod\u011b \u2013 a\u0165 u\u017e p\u0159i&nbsp;navrhov\u00e1n\u00ed grafiky, vlastn\u00edm tisku a&nbsp;nakonec i&nbsp;d\u00edky p\u0159\u00edzniv\u00e9 cen\u011b.<\/p>\n<p>V\u0161e je mo\u017en\u00e9 domluvit \u2013 zavolejte. \ud83d\ude42<\/p>\n\n\n<figure class=\"wp-block-image is-resized\"><img loading=\"lazy\" decoding=\"async\" src=\"http:\/\/www.q-print.cz\/wp-content\/uploads\/2019\/01\/uvod-1024x262.jpg\" alt=\"\" class=\"wp-image-166\" width=\"585\" height=\"149\" srcset=\"https:\/\/www.q-print.cz\/wp-content\/uploads\/2019\/01\/uvod-1024x262.jpg 1024w, https:\/\/www.q-print.cz\/wp-content\/uploads\/2019\/01\/uvod-300x77.jpg 300w, https:\/\/www.q-print.cz\/wp-content\/uploads\/2019\/01\/uvod-768x196.jpg 768w, https:\/\/www.q-print.cz\/wp-content\/uploads\/2019\/01\/uvod.jpg 1286w\" sizes=\"auto, (max-width: 585px) 100vw, 585px\" \/><\/figure>\n","protected":false},"excerpt":{"rendered":"<p>V\u00edtejte na webov\u00fdch str\u00e1nk\u00e1ch Q-print.&nbsp; Najdete zde z\u00e1kladn\u00ed informace o&nbsp;nab\u00edzen\u00fdch slu\u017eb\u00e1ch:\u2013 digit\u00e1ln\u00ed a&nbsp;ofsetov\u00fd tisk\u2013 DTP studio\u2013 grafick\u00e9 n\u00e1vrhy\u2013 fotografov\u00e1n\u00ed&#8230; Nejsou zde uvedeny v\u0161echny nab\u00edzen\u00e9 mo\u017enosti, proto\u017ee je jich opravdu mnoho. Q-print je zam\u011b\u0159en na poskytov\u00e1n\u00ed komplexn\u00edch slu\u017eeb v&nbsp;oblasti typografie a&nbsp;polygrafie,<\/p>\n","protected":false},"author":1,"featured_media":0,"parent":0,"menu_order":0,"comment_status":"closed","ping_status":"closed","template":"","meta":{"footnotes":""},"class_list":["post-12","page","type-page","status-publish","hentry"],"yoast_head":"<!-- This site is optimized with the Yoast SEO plugin v24.6 - https:\/\/yoast.com\/wordpress\/plugins\/seo\/ -->\n<title>\u00davod - Q-print<\/title>\n<meta name=\"description\" content=\"Q-print, M\u011bln\u00edk, DPT, digit\u00e1ln\u00ed tisk, \u00favodn\u00ed strana\" \/>\n<meta name=\"robots\" content=\"index, follow, max-snippet:-1, max-image-preview:large, max-video-preview:-1\" \/>\n<link rel=\"canonical\" href=\"http:\/\/www.q-print.cz\/\" \/>\n<meta property=\"og:locale\" content=\"cs_CZ\" \/>\n<meta property=\"og:type\" content=\"article\" \/>\n<meta property=\"og:title\" content=\"\u00davod - Q-print\" \/>\n<meta property=\"og:description\" content=\"Q-print, M\u011bln\u00edk, DPT, digit\u00e1ln\u00ed tisk, \u00favodn\u00ed strana\" \/>\n<meta property=\"og:url\" content=\"http:\/\/www.q-print.cz\/\" \/>\n<meta property=\"og:site_name\" content=\"Q-print\" \/>\n<meta property=\"article:publisher\" content=\"http:\/\/www.facebook.com\/q.print.melnik\" \/>\n<meta property=\"article:modified_time\" content=\"2019-01-30T20:10:48+00:00\" \/>\n<meta property=\"og:image\" content=\"http:\/\/www.q-print.cz\/wp-content\/uploads\/2019\/01\/uvod-1024x262.jpg\" \/>\n<meta name=\"twitter:card\" content=\"summary_large_image\" \/>\n<meta name=\"twitter:label1\" content=\"Odhadovan\u00e1 doba \u010dten\u00ed\" \/>\n\t<meta name=\"twitter:data1\" content=\"1 minuta\" \/>\n<script type=\"application\/ld+json\" class=\"yoast-schema-graph\">{\"@context\":\"https:\/\/schema.org\",\"@graph\":[{\"@type\":\"WebPage\",\"@id\":\"http:\/\/www.q-print.cz\/\",\"url\":\"http:\/\/www.q-print.cz\/\",\"name\":\"\u00davod - Q-print\",\"isPartOf\":{\"@id\":\"http:\/\/www.q-print.cz\/#website\"},\"primaryImageOfPage\":{\"@id\":\"http:\/\/www.q-print.cz\/#primaryimage\"},\"image\":{\"@id\":\"http:\/\/www.q-print.cz\/#primaryimage\"},\"thumbnailUrl\":\"http:\/\/www.q-print.cz\/wp-content\/uploads\/2019\/01\/uvod-1024x262.jpg\",\"datePublished\":\"2019-01-23T19:18:24+00:00\",\"dateModified\":\"2019-01-30T20:10:48+00:00\",\"description\":\"Q-print, M\u011bln\u00edk, DPT, digit\u00e1ln\u00ed tisk, \u00favodn\u00ed strana\",\"breadcrumb\":{\"@id\":\"http:\/\/www.q-print.cz\/#breadcrumb\"},\"inLanguage\":\"cs\",\"potentialAction\":[{\"@type\":\"ReadAction\",\"target\":[\"http:\/\/www.q-print.cz\/\"]}]},{\"@type\":\"ImageObject\",\"inLanguage\":\"cs\",\"@id\":\"http:\/\/www.q-print.cz\/#primaryimage\",\"url\":\"https:\/\/www.q-print.cz\/wp-content\/uploads\/2019\/01\/uvod.jpg\",\"contentUrl\":\"https:\/\/www.q-print.cz\/wp-content\/uploads\/2019\/01\/uvod.jpg\",\"width\":1286,\"height\":329},{\"@type\":\"BreadcrumbList\",\"@id\":\"http:\/\/www.q-print.cz\/#breadcrumb\",\"itemListElement\":[{\"@type\":\"ListItem\",\"position\":1,\"name\":\"Dom\u016f\",\"item\":\"http:\/\/www.q-print.cz\/\"},{\"@type\":\"ListItem\",\"position\":2,\"name\":\"\u00davod\"}]},{\"@type\":\"WebSite\",\"@id\":\"http:\/\/www.q-print.cz\/#website\",\"url\":\"http:\/\/www.q-print.cz\/\",\"name\":\"Q-print\",\"description\":\"Barevn\u00fd digit\u00e1ln\u00ed tisk a DTP\",\"publisher\":{\"@id\":\"http:\/\/www.q-print.cz\/#organization\"},\"potentialAction\":[{\"@type\":\"SearchAction\",\"target\":{\"@type\":\"EntryPoint\",\"urlTemplate\":\"http:\/\/www.q-print.cz\/?s={search_term_string}\"},\"query-input\":{\"@type\":\"PropertyValueSpecification\",\"valueRequired\":true,\"valueName\":\"search_term_string\"}}],\"inLanguage\":\"cs\"},{\"@type\":\"Organization\",\"@id\":\"http:\/\/www.q-print.cz\/#organization\",\"name\":\"Q-print, Jan \u0160\u00edstek\",\"url\":\"http:\/\/www.q-print.cz\/\",\"logo\":{\"@type\":\"ImageObject\",\"inLanguage\":\"cs\",\"@id\":\"http:\/\/www.q-print.cz\/#\/schema\/logo\/image\/\",\"url\":\"http:\/\/www.q-print.cz\/wp-content\/uploads\/2019\/01\/Q-print-mal\u00e9.jpg\",\"contentUrl\":\"http:\/\/www.q-print.cz\/wp-content\/uploads\/2019\/01\/Q-print-mal\u00e9.jpg\",\"width\":180,\"height\":180,\"caption\":\"Q-print, Jan \u0160\u00edstek\"},\"image\":{\"@id\":\"http:\/\/www.q-print.cz\/#\/schema\/logo\/image\/\"},\"sameAs\":[\"http:\/\/www.facebook.com\/q.print.melnik\"]}]}<\/script>\n<!-- \/ Yoast SEO plugin. -->","yoast_head_json":{"title":"\u00davod - Q-print","description":"Q-print, M\u011bln\u00edk, DPT, digit\u00e1ln\u00ed tisk, \u00favodn\u00ed strana","robots":{"index":"index","follow":"follow","max-snippet":"max-snippet:-1","max-image-preview":"max-image-preview:large","max-video-preview":"max-video-preview:-1"},"canonical":"http:\/\/www.q-print.cz\/","og_locale":"cs_CZ","og_type":"article","og_title":"\u00davod - Q-print","og_description":"Q-print, M\u011bln\u00edk, DPT, digit\u00e1ln\u00ed tisk, \u00favodn\u00ed strana","og_url":"http:\/\/www.q-print.cz\/","og_site_name":"Q-print","article_publisher":"http:\/\/www.facebook.com\/q.print.melnik","article_modified_time":"2019-01-30T20:10:48+00:00","og_image":[{"url":"http:\/\/www.q-print.cz\/wp-content\/uploads\/2019\/01\/uvod-1024x262.jpg","type":"","width":"","height":""}],"twitter_card":"summary_large_image","twitter_misc":{"Odhadovan\u00e1 doba \u010dten\u00ed":"1 minuta"},"schema":{"@context":"https:\/\/schema.org","@graph":[{"@type":"WebPage","@id":"http:\/\/www.q-print.cz\/","url":"http:\/\/www.q-print.cz\/","name":"\u00davod - Q-print","isPartOf":{"@id":"http:\/\/www.q-print.cz\/#website"},"primaryImageOfPage":{"@id":"http:\/\/www.q-print.cz\/#primaryimage"},"image":{"@id":"http:\/\/www.q-print.cz\/#primaryimage"},"thumbnailUrl":"http:\/\/www.q-print.cz\/wp-content\/uploads\/2019\/01\/uvod-1024x262.jpg","datePublished":"2019-01-23T19:18:24+00:00","dateModified":"2019-01-30T20:10:48+00:00","description":"Q-print, M\u011bln\u00edk, DPT, digit\u00e1ln\u00ed tisk, \u00favodn\u00ed strana","breadcrumb":{"@id":"http:\/\/www.q-print.cz\/#breadcrumb"},"inLanguage":"cs","potentialAction":[{"@type":"ReadAction","target":["http:\/\/www.q-print.cz\/"]}]},{"@type":"ImageObject","inLanguage":"cs","@id":"http:\/\/www.q-print.cz\/#primaryimage","url":"https:\/\/www.q-print.cz\/wp-content\/uploads\/2019\/01\/uvod.jpg","contentUrl":"https:\/\/www.q-print.cz\/wp-content\/uploads\/2019\/01\/uvod.jpg","width":1286,"height":329},{"@type":"BreadcrumbList","@id":"http:\/\/www.q-print.cz\/#breadcrumb","itemListElement":[{"@type":"ListItem","position":1,"name":"Dom\u016f","item":"http:\/\/www.q-print.cz\/"},{"@type":"ListItem","position":2,"name":"\u00davod"}]},{"@type":"WebSite","@id":"http:\/\/www.q-print.cz\/#website","url":"http:\/\/www.q-print.cz\/","name":"Q-print","description":"Barevn\u00fd digit\u00e1ln\u00ed tisk a DTP","publisher":{"@id":"http:\/\/www.q-print.cz\/#organization"},"potentialAction":[{"@type":"SearchAction","target":{"@type":"EntryPoint","urlTemplate":"http:\/\/www.q-print.cz\/?s={search_term_string}"},"query-input":{"@type":"PropertyValueSpecification","valueRequired":true,"valueName":"search_term_string"}}],"inLanguage":"cs"},{"@type":"Organization","@id":"http:\/\/www.q-print.cz\/#organization","name":"Q-print, Jan \u0160\u00edstek","url":"http:\/\/www.q-print.cz\/","logo":{"@type":"ImageObject","inLanguage":"cs","@id":"http:\/\/www.q-print.cz\/#\/schema\/logo\/image\/","url":"http:\/\/www.q-print.cz\/wp-content\/uploads\/2019\/01\/Q-print-mal\u00e9.jpg","contentUrl":"http:\/\/www.q-print.cz\/wp-content\/uploads\/2019\/01\/Q-print-mal\u00e9.jpg","width":180,"height":180,"caption":"Q-print, Jan \u0160\u00edstek"},"image":{"@id":"http:\/\/www.q-print.cz\/#\/schema\/logo\/image\/"},"sameAs":["http:\/\/www.facebook.com\/q.print.melnik"]}]}},"_links":{"self":[{"href":"https:\/\/www.q-print.cz\/index.php\/wp-json\/wp\/v2\/pages\/12","targetHints":{"allow":["GET"]}}],"collection":[{"href":"https:\/\/www.q-print.cz\/index.php\/wp-json\/wp\/v2\/pages"}],"about":[{"href":"https:\/\/www.q-print.cz\/index.php\/wp-json\/wp\/v2\/types\/page"}],"author":[{"embeddable":true,"href":"https:\/\/www.q-print.cz\/index.php\/wp-json\/wp\/v2\/users\/1"}],"replies":[{"embeddable":true,"href":"https:\/\/www.q-print.cz\/index.php\/wp-json\/wp\/v2\/comments?post=12"}],"version-history":[{"count":5,"href":"https:\/\/www.q-print.cz\/index.php\/wp-json\/wp\/v2\/pages\/12\/revisions"}],"predecessor-version":[{"id":167,"href":"https:\/\/www.q-print.cz\/index.php\/wp-json\/wp\/v2\/pages\/12\/revisions\/167"}],"wp:attachment":[{"href":"https:\/\/www.q-print.cz\/index.php\/wp-json\/wp\/v2\/media?parent=12"}],"curies":[{"name":"wp","href":"https:\/\/api.w.org\/{rel}","templated":true}]}}